{"id":94,"date":"2012-01-31T16:47:44","date_gmt":"2012-01-31T16:47:44","guid":{"rendered":"http:\/\/www.sim-mototherapie.de\/TC_Froendenberg\/?page_id=94"},"modified":"2023-04-25T20:40:10","modified_gmt":"2023-04-25T20:40:10","slug":"anmeldung","status":"publish","type":"page","link":"http:\/\/www.tc-rot-weiss-froendenberg.de\/?page_id=94","title":{"rendered":"Anmeldung"},"content":{"rendered":"<h2>Mitglied werden beim TC Rot-Wei\u00df-Fr\u00f6ndenberg<\/h2>\n<p>Sie m\u00f6chten dem TC-Rot-Weiss Fro\u0308ndenberg e.V. 1946 beitreten? Klicken Sie auf den nachfolgenden Link, um den\u00a0Aufnahme-Antrag als PDF-Datei herunterzuladen:\u00a0<strong><br \/>\n<\/strong><\/p>\n<p><a href=\"http:\/\/www.tc-rot-weiss-froendenberg.de\/wp-content\/uploads\/2023\/04\/Aufnahmeantrag_04.2023.pdf\">Aufnahmeantrag 2023<\/a><\/p>\n\n\t<span class=\"fbreplace\">\n\t<!-- FBML <div class=\"fb-like\" data-href=\"http:\/\/www.tc-rot-weiss-froendenberg.de\/?page_id=94\" data-send=\"true\" data-layout=\"standard\" data-width=\"450\" show_faces=\"true\" data-action=\"like\" data-font=\"\" style=\"margin: 0px 0px 0px 0px;\"><\/div> FBML -->\n\t<\/span>\n\t\n","protected":false},"excerpt":{"rendered":"<p>Mitglied werden beim TC Rot-Wei\u00df-Fr\u00f6ndenberg Sie m\u00f6chten dem TC-Rot-Weiss Fro\u0308ndenberg e.V. 1946 beitreten? Klicken Sie auf den nachfolgenden Link, um den\u00a0Aufnahme-Antrag als PDF-Datei herunterzuladen:\u00a0 Aufnahmeantrag 2023<\/p>\n","protected":false},"author":1,"featured_media":0,"parent":0,"menu_order":0,"comment_status":"closed","ping_status":"closed","template":"sidebar-page.php","meta":{"footnotes":""},"class_list":["post-94","page","type-page","status-publish","hentry"],"_links":{"self":[{"href":"http:\/\/www.tc-rot-weiss-froendenberg.de\/index.php?rest_route=\/wp\/v2\/pages\/94","targetHints":{"allow":["GET"]}}],"collection":[{"href":"http:\/\/www.tc-rot-weiss-froendenberg.de\/index.php?rest_route=\/wp\/v2\/pages"}],"about":[{"href":"http:\/\/www.tc-rot-weiss-froendenberg.de\/index.php?rest_route=\/wp\/v2\/types\/page"}],"author":[{"embeddable":true,"href":"http:\/\/www.tc-rot-weiss-froendenberg.de\/index.php?rest_route=\/wp\/v2\/users\/1"}],"replies":[{"embeddable":true,"href":"http:\/\/www.tc-rot-weiss-froendenberg.de\/index.php?rest_route=%2Fwp%2Fv2%2Fcomments&post=94"}],"version-history":[{"count":12,"href":"http:\/\/www.tc-rot-weiss-froendenberg.de\/index.php?rest_route=\/wp\/v2\/pages\/94\/revisions"}],"predecessor-version":[{"id":2021,"href":"http:\/\/www.tc-rot-weiss-froendenberg.de\/index.php?rest_route=\/wp\/v2\/pages\/94\/revisions\/2021"}],"wp:attachment":[{"href":"http:\/\/www.tc-rot-weiss-froendenberg.de\/index.php?rest_route=%2Fwp%2Fv2%2Fmedia&parent=94"}],"curies":[{"name":"wp","href":"https:\/\/api.w.org\/{rel}","templated":true}]}}