{"id":56,"date":"2012-01-22T16:29:40","date_gmt":"2012-01-22T16:29:40","guid":{"rendered":"http:\/\/www.sim-mototherapie.de\/TC_Froendenberg\/?page_id=56"},"modified":"2012-02-07T21:15:46","modified_gmt":"2012-02-07T21:15:46","slug":"anfahrt","status":"publish","type":"page","link":"https:\/\/www.tc-rot-weiss-froendenberg.de\/?page_id=56","title":{"rendered":"Anfahrt"},"content":{"rendered":"<p>TC-Rot-Weiss Fr\u00f6ndenberg e.V. 1946<br \/>\nMitglied des Westf\u00e4lischen Tennisverbandes<br \/>\nGraf-Adolf-Stra\u00dfe 60<br \/>\n58730 Fr\u00f6ndenberg<br \/>\n<iframe loading=\"lazy\" width=\"500\" height=\"650\" frameborder=\"0\" scrolling=\"no\" marginheight=\"0\" marginwidth=\"0\" src=\"http:\/\/maps.google.de\/maps?f=q&amp;source=s_q&amp;hl=de&amp;geocode=&amp;q=tc+rotwei%C3%9F+fr%C3%B6ndenberg&amp;aq=&amp;sll=51.454274,7.592453&amp;sspn=0.352139,1.496201&amp;vpsrc=0&amp;gl=de&amp;ie=UTF8&amp;hq=tc+rotwei%C3%9F&amp;hnear=Fr%C3%B6ndenberg%2FRuhr,+Arnsberg,+Nordrhein-Westfalen&amp;t=m&amp;z=10&amp;iwloc=A&amp;cid=1990648308042229098&amp;ll=51.472398,7.781615&amp;output=embed\"><\/iframe><br \/><small><a href=\"http:\/\/maps.google.de\/maps?f=q&amp;source=embed&amp;hl=de&amp;geocode=&amp;q=tc+rotwei%C3%9F+fr%C3%B6ndenberg&amp;aq=&amp;sll=51.454274,7.592453&amp;sspn=0.352139,1.496201&amp;vpsrc=0&amp;gl=de&amp;ie=UTF8&amp;hq=tc+rotwei%C3%9F&amp;hnear=Fr%C3%B6ndenberg%2FRuhr,+Arnsberg,+Nordrhein-Westfalen&amp;t=m&amp;z=10&amp;iwloc=A&amp;cid=1990648308042229098&amp;ll=51.472398,7.781615\" style=\"color:#0000FF;text-align:left\">Gr\u00f6\u00dfere Kartenansicht<\/a><\/small><\/p>\n\n\t<span class=\"fbreplace\">\n\t<!-- FBML <div class=\"fb-like\" data-href=\"https:\/\/www.tc-rot-weiss-froendenberg.de\/?page_id=56\" data-send=\"true\" data-layout=\"standard\" data-width=\"450\" show_faces=\"true\" data-action=\"like\" data-font=\"\" style=\"margin: 0px 0px 0px 0px;\"><\/div> FBML -->\n\t<\/span>\n\t\n","protected":false},"excerpt":{"rendered":"<p>TC-Rot-Weiss Fr\u00f6ndenberg e.V. 1946 Mitglied des Westf\u00e4lischen Tennisverbandes Graf-Adolf-Stra\u00dfe 60 58730 Fr\u00f6ndenberg Gr\u00f6\u00dfere Kartenansicht<\/p>\n","protected":false},"author":1,"featured_media":0,"parent":0,"menu_order":7,"comment_status":"closed","ping_status":"closed","template":"sidebar-page.php","meta":{"footnotes":""},"class_list":["post-56","page","type-page","status-publish","hentry"],"_links":{"self":[{"href":"https:\/\/www.tc-rot-weiss-froendenberg.de\/index.php?rest_route=\/wp\/v2\/pages\/56","targetHints":{"allow":["GET"]}}],"collection":[{"href":"https:\/\/www.tc-rot-weiss-froendenberg.de\/index.php?rest_route=\/wp\/v2\/pages"}],"about":[{"href":"https:\/\/www.tc-rot-weiss-froendenberg.de\/index.php?rest_route=\/wp\/v2\/types\/page"}],"author":[{"embeddable":true,"href":"https:\/\/www.tc-rot-weiss-froendenberg.de\/index.php?rest_route=\/wp\/v2\/users\/1"}],"replies":[{"embeddable":true,"href":"https:\/\/www.tc-rot-weiss-froendenberg.de\/index.php?rest_route=%2Fwp%2Fv2%2Fcomments&post=56"}],"version-history":[{"count":6,"href":"https:\/\/www.tc-rot-weiss-froendenberg.de\/index.php?rest_route=\/wp\/v2\/pages\/56\/revisions"}],"predecessor-version":[{"id":194,"href":"https:\/\/www.tc-rot-weiss-froendenberg.de\/index.php?rest_route=\/wp\/v2\/pages\/56\/revisions\/194"}],"wp:attachment":[{"href":"https:\/\/www.tc-rot-weiss-froendenberg.de\/index.php?rest_route=%2Fwp%2Fv2%2Fmedia&parent=56"}],"curies":[{"name":"wp","href":"https:\/\/api.w.org\/{rel}","templated":true}]}}