{"id":788,"date":"2014-01-24T12:47:35","date_gmt":"2014-01-24T12:47:35","guid":{"rendered":"http:\/\/www.tc-rot-weiss-froendenberg.de\/?page_id=788"},"modified":"2014-01-24T12:47:35","modified_gmt":"2014-01-24T12:47:35","slug":"kontakt","status":"publish","type":"page","link":"https:\/\/www.tc-rot-weiss-froendenberg.de\/?page_id=788","title":{"rendered":"Kontakt"},"content":{"rendered":"<p>TC-Rot-Weiss Fr\u00f6ndenberg e.V. 1946<br \/>\nMitglied des Westf\u00e4lischen Tennisverbandes<br \/>\nGraf-Adolf-Stra\u00dfe 60<br \/>\n58730 Fr\u00f6ndenberg<\/p>\n<p>Tel.: 02373 720 41<br \/>\nFalls im Vereinsheim per Telefon niemand erreichbar ist, schicken Sie uns eine <a title=\"Opens window for sending email\" href=\"mailto:vorsitzender@tc-rot-weiss-froendenberg.de\">E-Mail<\/a>.<\/p>\n\n\t<span class=\"fbreplace\">\n\t<!-- FBML <div class=\"fb-like\" data-href=\"https:\/\/www.tc-rot-weiss-froendenberg.de\/?page_id=788\" data-send=\"true\" data-layout=\"standard\" data-width=\"450\" show_faces=\"true\" data-action=\"like\" data-font=\"\" style=\"margin: 0px 0px 0px 0px;\"><\/div> FBML -->\n\t<\/span>\n\t\n","protected":false},"excerpt":{"rendered":"<p>TC-Rot-Weiss Fr\u00f6ndenberg e.V. 1946 Mitglied des Westf\u00e4lischen Tennisverbandes Graf-Adolf-Stra\u00dfe 60 58730 Fr\u00f6ndenberg Tel.: 02373 720 41 Falls im Vereinsheim per Telefon niemand erreichbar ist, schicken Sie uns eine E-Mail.<\/p>\n","protected":false},"author":1,"featured_media":0,"parent":0,"menu_order":0,"comment_status":"closed","ping_status":"closed","template":"","meta":{"footnotes":""},"class_list":["post-788","page","type-page","status-publish","hentry"],"_links":{"self":[{"href":"https:\/\/www.tc-rot-weiss-froendenberg.de\/index.php?rest_route=\/wp\/v2\/pages\/788","targetHints":{"allow":["GET"]}}],"collection":[{"href":"https:\/\/www.tc-rot-weiss-froendenberg.de\/index.php?rest_route=\/wp\/v2\/pages"}],"about":[{"href":"https:\/\/www.tc-rot-weiss-froendenberg.de\/index.php?rest_route=\/wp\/v2\/types\/page"}],"author":[{"embeddable":true,"href":"https:\/\/www.tc-rot-weiss-froendenberg.de\/index.php?rest_route=\/wp\/v2\/users\/1"}],"replies":[{"embeddable":true,"href":"https:\/\/www.tc-rot-weiss-froendenberg.de\/index.php?rest_route=%2Fwp%2Fv2%2Fcomments&post=788"}],"version-history":[{"count":1,"href":"https:\/\/www.tc-rot-weiss-froendenberg.de\/index.php?rest_route=\/wp\/v2\/pages\/788\/revisions"}],"predecessor-version":[{"id":790,"href":"https:\/\/www.tc-rot-weiss-froendenberg.de\/index.php?rest_route=\/wp\/v2\/pages\/788\/revisions\/790"}],"wp:attachment":[{"href":"https:\/\/www.tc-rot-weiss-froendenberg.de\/index.php?rest_route=%2Fwp%2Fv2%2Fmedia&parent=788"}],"curies":[{"name":"wp","href":"https:\/\/api.w.org\/{rel}","templated":true}]}}